{"id":10,"date":"2017-06-05T21:03:00","date_gmt":"2017-06-05T21:03:00","guid":{"rendered":"http:\/\/bbqontour.de\/persoenliche-vita\/"},"modified":"2023-03-12T13:52:09","modified_gmt":"2023-03-12T13:52:09","slug":"persoenliche-vita","status":"publish","type":"page","link":"http:\/\/bbqontour.de\/?page_id=10","title":{"rendered":"Pers\u00f6nliche Vita"},"content":{"rendered":"<h1>\u00dcber mich<img decoding=\"async\" loading=\"lazy\" class=\" alignright size-full wp-image-8\" style=\"margin-left: 20px; border: 2px outset #f53700; float: right;\" src=\"http:\/\/bbqontour.de\/wp-content\/uploads\/2017\/06\/bbqontour_markus_markowitsch.jpg\" alt=\"bbqontour markus markowitsch\" width=\"400\" height=\"600\" srcset=\"http:\/\/bbqontour.de\/wp-content\/uploads\/2017\/06\/bbqontour_markus_markowitsch.jpg 396w, http:\/\/bbqontour.de\/wp-content\/uploads\/2017\/06\/bbqontour_markus_markowitsch-200x300.jpg 200w\" sizes=\"(max-width: 400px) 100vw, 400px\" \/><\/h1>\n<p><strong>Hallo und herzlich Willkommen.<\/strong><\/p>\n<p>Ich, Markus Markowitsch m\u00f6chte meine Philosophie kurz vorstellen.<\/p>\n<p>Im Laufe meines Lebens wurde meine Liebe zum BBQ immer st\u00e4rker und der Wunsch, mich in diesem Bereich selbstst\u00e4ndig zu machen kam auf. Qualit\u00e4t und Frische ist f\u00fcr mich sehr wichtig und entscheidend. Der Geschmack steht im Mittelpunkt, frische Kr\u00e4uter, verschiedene Gew\u00fcrze sind die Grundlage. Meine Waren werden frisch eingekauft. Alle Gerichte sind von Hand zu bereitet und ohne Geschmacksverst\u00e4rker, sowie ohne Konservierungsstoffe.<\/p>\n<p>Aus ausgew\u00e4hlten Produkten entstehen so Kunstwerke aus Geschmack. Ich m\u00f6chte Ihren Geschmack an neue Sensationen bringen und verbinde gewohnte Geschm\u00e4cker auch einmal in neuen Kombinationen. Lernen Sie bekannte Produkte v\u00f6llig neu kennen. Ich stehe pers\u00f6nlich f\u00fcr erstklassigen Service, Qualit\u00e4t und kulinarische Neuerung. Begeisterung und Leidenschaft stellen sich bei mir als Basis f\u00fcr hervorragenden Genuss.<\/p>\n<p>BBQ \u2013 Grillbuffets sind im Sommer die Basis f\u00fcr eine gelungene Gartenparty und eine willkommene Abwechselung. Ich biete Ihnen vielf\u00e4ltige Variationen von Fleisch, Fisch, Gem\u00fcse und Beilagen an. Nutzen Sie die sch\u00f6nen Sommertage und genie\u00dfen Sie die Gartenpartys, Hochzeiten oder Firmenveranstaltungen bei einem Grillbuffet oder BBQ \u2013 Buffet. BBQ bedeutet, dass die Fleischsorten nicht direkt \u00fcber der Grillkohle positioniert werden, sondern langsam im Rauch des Feuers garen.<\/p>\n<p>Ich biete Ihnen individuelle Beratung, sowie gro\u00dfe Flexibilit\u00e4t und stelle Ihnen je nach Wunsch ein Angebot f\u00fcr Grillkurse, BBQ, Events und mehr zusammen. Lernen Sie die Geheimnisse des Grillens und BBQ`s kennen.<\/p>\n<p>Dann rufen Sie mich an oder schreiben Sie mir eine E-Mail.<\/p>\n<p>Seit Ende des Jahres 2011 geh\u00f6re ich zum Weber Grillmeisterteam.<\/p>\n<p><img decoding=\"async\" loading=\"lazy\" class=\" size-full wp-image-9\" style=\"vertical-align: middle;\" src=\"http:\/\/bbqontour.de\/wp-content\/uploads\/2017\/06\/weber_logo.jpg\" alt=\"weber logo\" width=\"79\" height=\"32\" \/>\u00a0 Ich gebe in Namen der Firma Weber-Stephen Grillseminare in ganz Deutschland.<\/p>\n<h2>Herzliche Gr\u00fc\u00dfe Markus Markowitsch<\/h2>\n","protected":false},"excerpt":{"rendered":"<p>\u00dcber mich Hallo und herzlich Willkommen. Ich, Markus Markowitsch m\u00f6chte meine Philosophie kurz vorstellen. Im Laufe meines Lebens wurde meine &hellip;<\/p>\n","protected":false},"author":1,"featured_media":0,"parent":0,"menu_order":7,"comment_status":"closed","ping_status":"closed","template":"templates\/full-width-page.php","meta":{"_coblocks_attr":"","_coblocks_dimensions":"","_coblocks_responsive_height":"","_coblocks_accordion_ie_support":"","_vp_format_video_url":"","_vp_image_focal_point":[]},"tags":[],"_links":{"self":[{"href":"http:\/\/bbqontour.de\/index.php?rest_route=\/wp\/v2\/pages\/10"}],"collection":[{"href":"http:\/\/bbqontour.de\/index.php?rest_route=\/wp\/v2\/pages"}],"about":[{"href":"http:\/\/bbqontour.de\/index.php?rest_route=\/wp\/v2\/types\/page"}],"author":[{"embeddable":true,"href":"http:\/\/bbqontour.de\/index.php?rest_route=\/wp\/v2\/users\/1"}],"replies":[{"embeddable":true,"href":"http:\/\/bbqontour.de\/index.php?rest_route=%2Fwp%2Fv2%2Fcomments&post=10"}],"version-history":[{"count":1,"href":"http:\/\/bbqontour.de\/index.php?rest_route=\/wp\/v2\/pages\/10\/revisions"}],"predecessor-version":[{"id":205,"href":"http:\/\/bbqontour.de\/index.php?rest_route=\/wp\/v2\/pages\/10\/revisions\/205"}],"wp:attachment":[{"href":"http:\/\/bbqontour.de\/index.php?rest_route=%2Fwp%2Fv2%2Fmedia&parent=10"}],"wp:term":[{"taxonomy":"post_tag","embeddable":true,"href":"http:\/\/bbqontour.de\/index.php?rest_route=%2Fwp%2Fv2%2Ftags&post=10"}],"curies":[{"name":"wp","href":"https:\/\/api.w.org\/{rel}","templated":true}]}}